{"id":395,"date":"2025-01-07T10:45:59","date_gmt":"2025-01-07T10:45:59","guid":{"rendered":"https:\/\/lp.8080.dev\/contact\/"},"modified":"2026-01-15T07:37:24","modified_gmt":"2026-01-15T07:37:24","slug":"kontakt","status":"publish","type":"page","link":"https:\/\/landscapepractice.com\/pl\/kontakt\/","title":{"rendered":"Kontakt"},"content":{"rendered":"\n<section id=\"contact-block_69689933ab43b\" class=\"pt-100 pb-60 anim-trigger\">\n  <div class=\"container-wrapper\">\n    <div class=\"contact container\">\n    \n      <div class=\"contact__top\">\n        <h1 class=\"contact__title pb-20 fs-12 fs-dt-16 lh-1-4 ls-012 upper center f-serif reveal-child\">\n          skontaktuj si\u0119 z nami         <\/h1>\n\n                  <div class=\"contact__text fs-16 fs-dt-28 lh-1-3 ls-005 center reveal-child\">\n            Interesuje Ci\u0119 wsp\u00f3\u0142praca i chcesz dowiedzie\u0107 si\u0119, jak dzia\u0142amy?  Czekamy na Twoj\u0105 wiadomo\u015b\u0107.           <\/div>\n              <\/div>\n\n              <div class=\"contact__email center reveal-child\">\n          <a class=\"link fs-12 fs-dt-16 ls-2em contact__email-link lp-hover-o\" href=\"mailto:info@landscapepractice.com\">info@landscapepractice.com<\/a>\n        <\/div>\n      \n      <div class=\"contact__addresses reveal-child\">\n        <div class=\"contact__address contact__address--p pb-50 \">\n          <img loading=\"lazy\" decoding=\"async\" width=\"201\" height=\"265\" src=\"https:\/\/landscapepractice.com\/wp-content\/uploads\/2025\/01\/paris.jpg\" class=\"contact__address-img\" alt=\"\" \/>          \n          <div class=\"contact__address-text\">\n            <h4 class=\"fs-10 fs-dt-11 ls-006 upper f-serif pb-5 pb-dt-15\">Pracownia w Pary\u017cu <\/h4>\n                          <p class=\"pb-10 pb-dt-15 fs-12 fs-dt-16 ls-2em\">\n                <a href=\"https:\/\/maps.app.goo.gl\/ksjCUCLNb4wa1dcy7\" target=\"_blank\" class=\"lp-hover-o\">\n                  66 Rue Ren\u00e9 Boulanger<br \/>\r\nPary\u017c, Francja                <\/a>\n              <\/p>\n                        <a class=\"link fs-12 fs-dt-16 ls-2em lp-hover-o\" href=\"tel:+33 783 892 535\">+33 783 892 535<\/a>\n          <\/div>\n\n        <\/div>\n\n        <div class=\"contact__address contact__address--w pb-70\">\n          <img loading=\"lazy\" decoding=\"async\" width=\"201\" height=\"265\" src=\"https:\/\/landscapepractice.com\/wp-content\/uploads\/2025\/01\/warsaw.jpg\" class=\"contact__address-img\" alt=\"\" \/>          <div class=\"contact__address-text\">\n            <h4 class=\"fs-10 fs-dt-11 ls-006 upper f-serif pb-5 pb-dt-15\">Pracownia w Warszawie <\/h4>\n                          <p class=\"pb-10 pb-dt-15 fs-12 fs-dt-16 ls-2em\">\n                <a href=\"https:\/\/maps.app.goo.gl\/MNjoLDhtsW2Eqrmf9\" target=\"_blank\" class=\"lp-hover-o\">\n                  Targowa 44\/1<br \/>\r\nWarszawa, Polska                <\/a>\n              <\/p>\n                        <a class=\"link fs-12 fs-dt-16 ls-2em lp-hover-o\" href=\"tel:+48 691 555 059\">+48 691 555 059<\/a>\n          <\/div>\n\n        <\/div>\n      <\/div>\n    <\/div>\n    \n  <\/div>\n<\/section>\n","protected":false},"excerpt":{"rendered":"","protected":false},"author":1,"featured_media":0,"parent":0,"menu_order":0,"comment_status":"closed","ping_status":"closed","template":"page-contact.php","meta":{"_acf_changed":false,"footnotes":""},"class_list":["post-395","page","type-page","status-publish","hentry"],"acf":[],"yoast_head":"<!-- This site is optimized with the Yoast SEO plugin v26.4 - https:\/\/yoast.com\/wordpress\/plugins\/seo\/ -->\n<title>Kontakt | Landscape Practice<\/title>\n<meta name=\"robots\" content=\"index, follow, max-snippet:-1, max-image-preview:large, max-video-preview:-1\" \/>\n<link rel=\"canonical\" href=\"https:\/\/landscapepractice.com\/pl\/kontakt\/\" \/>\n<meta property=\"og:locale\" content=\"pl_PL\" \/>\n<meta property=\"og:type\" content=\"article\" \/>\n<meta property=\"og:title\" content=\"Kontakt | Landscape Practice\" \/>\n<meta property=\"og:url\" content=\"https:\/\/landscapepractice.com\/pl\/kontakt\/\" \/>\n<meta property=\"og:site_name\" content=\"Landscape Practice\" \/>\n<meta property=\"article:modified_time\" content=\"2026-01-15T07:37:24+00:00\" \/>\n<meta name=\"twitter:card\" content=\"summary_large_image\" \/>\n<script type=\"application\/ld+json\" class=\"yoast-schema-graph\">{\"@context\":\"https:\/\/schema.org\",\"@graph\":[{\"@type\":\"WebPage\",\"@id\":\"https:\/\/landscapepractice.com\/pl\/kontakt\/\",\"url\":\"https:\/\/landscapepractice.com\/pl\/kontakt\/\",\"name\":\"Kontakt | Landscape Practice\",\"isPartOf\":{\"@id\":\"https:\/\/landscapepractice.com\/pl\/#website\"},\"datePublished\":\"2025-01-07T10:45:59+00:00\",\"dateModified\":\"2026-01-15T07:37:24+00:00\",\"breadcrumb\":{\"@id\":\"https:\/\/landscapepractice.com\/pl\/kontakt\/#breadcrumb\"},\"inLanguage\":\"pl-PL\",\"potentialAction\":[{\"@type\":\"ReadAction\",\"target\":[\"https:\/\/landscapepractice.com\/pl\/kontakt\/\"]}]},{\"@type\":\"BreadcrumbList\",\"@id\":\"https:\/\/landscapepractice.com\/pl\/kontakt\/#breadcrumb\",\"itemListElement\":[{\"@type\":\"ListItem\",\"position\":1,\"name\":\"Home\",\"item\":\"https:\/\/landscapepractice.com\/pl\/\"},{\"@type\":\"ListItem\",\"position\":2,\"name\":\"Kontakt\"}]},{\"@type\":\"WebSite\",\"@id\":\"https:\/\/landscapepractice.com\/pl\/#website\",\"url\":\"https:\/\/landscapepractice.com\/pl\/\",\"name\":\"Landscape Practice\",\"description\":\"\",\"potentialAction\":[{\"@type\":\"SearchAction\",\"target\":{\"@type\":\"EntryPoint\",\"urlTemplate\":\"https:\/\/landscapepractice.com\/pl\/?s={search_term_string}\"},\"query-input\":{\"@type\":\"PropertyValueSpecification\",\"valueRequired\":true,\"valueName\":\"search_term_string\"}}],\"inLanguage\":\"pl-PL\"}]}<\/script>\n<!-- \/ Yoast SEO plugin. -->","yoast_head_json":{"title":"Kontakt | Landscape Practice","robots":{"index":"index","follow":"follow","max-snippet":"max-snippet:-1","max-image-preview":"max-image-preview:large","max-video-preview":"max-video-preview:-1"},"canonical":"https:\/\/landscapepractice.com\/pl\/kontakt\/","og_locale":"pl_PL","og_type":"article","og_title":"Kontakt | Landscape Practice","og_url":"https:\/\/landscapepractice.com\/pl\/kontakt\/","og_site_name":"Landscape Practice","article_modified_time":"2026-01-15T07:37:24+00:00","twitter_card":"summary_large_image","schema":{"@context":"https:\/\/schema.org","@graph":[{"@type":"WebPage","@id":"https:\/\/landscapepractice.com\/pl\/kontakt\/","url":"https:\/\/landscapepractice.com\/pl\/kontakt\/","name":"Kontakt | Landscape Practice","isPartOf":{"@id":"https:\/\/landscapepractice.com\/pl\/#website"},"datePublished":"2025-01-07T10:45:59+00:00","dateModified":"2026-01-15T07:37:24+00:00","breadcrumb":{"@id":"https:\/\/landscapepractice.com\/pl\/kontakt\/#breadcrumb"},"inLanguage":"pl-PL","potentialAction":[{"@type":"ReadAction","target":["https:\/\/landscapepractice.com\/pl\/kontakt\/"]}]},{"@type":"BreadcrumbList","@id":"https:\/\/landscapepractice.com\/pl\/kontakt\/#breadcrumb","itemListElement":[{"@type":"ListItem","position":1,"name":"Home","item":"https:\/\/landscapepractice.com\/pl\/"},{"@type":"ListItem","position":2,"name":"Kontakt"}]},{"@type":"WebSite","@id":"https:\/\/landscapepractice.com\/pl\/#website","url":"https:\/\/landscapepractice.com\/pl\/","name":"Landscape Practice","description":"","potentialAction":[{"@type":"SearchAction","target":{"@type":"EntryPoint","urlTemplate":"https:\/\/landscapepractice.com\/pl\/?s={search_term_string}"},"query-input":{"@type":"PropertyValueSpecification","valueRequired":true,"valueName":"search_term_string"}}],"inLanguage":"pl-PL"}]}},"_links":{"self":[{"href":"https:\/\/landscapepractice.com\/pl\/wp-json\/wp\/v2\/pages\/395","targetHints":{"allow":["GET"]}}],"collection":[{"href":"https:\/\/landscapepractice.com\/pl\/wp-json\/wp\/v2\/pages"}],"about":[{"href":"https:\/\/landscapepractice.com\/pl\/wp-json\/wp\/v2\/types\/page"}],"author":[{"embeddable":true,"href":"https:\/\/landscapepractice.com\/pl\/wp-json\/wp\/v2\/users\/1"}],"replies":[{"embeddable":true,"href":"https:\/\/landscapepractice.com\/pl\/wp-json\/wp\/v2\/comments?post=395"}],"version-history":[{"count":12,"href":"https:\/\/landscapepractice.com\/pl\/wp-json\/wp\/v2\/pages\/395\/revisions"}],"predecessor-version":[{"id":2770,"href":"https:\/\/landscapepractice.com\/pl\/wp-json\/wp\/v2\/pages\/395\/revisions\/2770"}],"wp:attachment":[{"href":"https:\/\/landscapepractice.com\/pl\/wp-json\/wp\/v2\/media?parent=395"}],"curies":[{"name":"wp","href":"https:\/\/api.w.org\/{rel}","templated":true}]}}