{"id":411,"date":"2025-01-07T10:46:37","date_gmt":"2025-01-07T10:46:37","guid":{"rendered":"https:\/\/lp.8080.dev\/research\/"},"modified":"2025-03-03T17:08:42","modified_gmt":"2025-03-03T17:08:42","slug":"research","status":"publish","type":"page","link":"https:\/\/landscapepractice.com\/pl\/research\/","title":{"rendered":"Research"},"content":{"rendered":"\n<section id=\"page-top-block_67c5e21984463\" class=\"container-wrapper pt-100 pt-dt-150 pb-60 pb-dt-100 ptop-outer\">\n  <div class=\"ptop container\">\n    <div class=\"ptop__wrapper anim-trigger\">\n\n      <h1 class=\"ptop__title pb-20 fs-12 fs-dt-16 lh-1-4 ls-012 upper center f-serif reveal-child\">\n        Przy\u0142\u0105cz si\u0119 do dyskusji       <\/h1>\n\n              <div class=\"ptop__text fs-16 fs-dt-28 lh-1-3 ls-005 center reveal-child\">\n          <p>Poszukujemy mi\u0119dzy dyscyplinami i w\u015br\u00f3d rzemie\u015blniczej wiedzy. Zale\u017cy nam na budowaniu debaty wok\u00f3\u0142 architektury krajobrazu, wspieraniu interdyscyplinarnej wymiany my\u015bli oraz w\u0142\u0105czaniu teorii do codziennej praktyki projektowej.<\/p>\n        <\/div>\n          \n    <\/div>\n  <\/div>\n<\/section>\n\n\n\n\n\n<section id=\"research-carousel-block_67c5e21984697\" class=\"rc pb-40 pb-dt-20 reveal\"\n    data-delay=\"400\"\n    >\n  \n\n  <sp-lide\n    class=\"splide rc__slider\"\n    data-splide='{\"pagination\":true,\"fixedWidth\":\"75vw\",\"perMove\":1,\"type\":\"loop\",\"arrows\":true,\"gap\":\"1rem\",\"mediaQuery\":\"min\",\"focus\":\"center\",\"breakpoints\":{\"1180\":{\"destroy\":false,\"fixedWidth\":\"21vw\"}}}'>\n\n    <div class=\"splide__arrows rc__arrows container\">\n      <button class=\"splide__arrow splide__arrow--prev rc__arrow rc__arrow--prev unstyled-button\">\n\n        <span class=\"sr-only\">Poprzedni<\/span>\n      \n        <svg width=\"18\" height=\"15\" viewBox=\"0 0 18 15\" fill=\"none\" xmlns=\"http:\/\/www.w3.org\/2000\/svg\">\n          <path d=\"M7.90742 14.0527L1.24805 7.39336L7.90742 0.73399\" stroke=\"#444444\"\/>\n          <path d=\"M1.56445 7.39355L17.1858 7.39355\" stroke=\"#444444\"\/>\n        <\/svg>\n\n      <\/button>\n      <div class=\"splide__pagination rc__pagination\"><\/div>\n      <button class=\"splide__arrow splide__arrow--next rc__arrow rc__arrow--next unstyled-button\">\n        \n        <span class=\"sr-only\">Nast\u0119pny<\/span>\n\n        <svg width=\"17\" height=\"15\" viewBox=\"0 0 17 15\" fill=\"none\" xmlns=\"http:\/\/www.w3.org\/2000\/svg\">\n          <path d=\"M9.4793 0.734375L16.1387 7.39375L9.4793 14.0531\" stroke=\"#444444\"\/>\n          <path d=\"M15.8223 7.39355L0.200947 7.39355\" stroke=\"#444444\"\/>\n        <\/svg>\n\n      <\/button>\n    <\/div>\n\n    <div class=\"splide__track\">\n      <ul class=\"splide__list unstyled-list rc__list\n              \">\n                  <li class=\"splide__slide rc__slide\">\n            <a href=\"https:\/\/landscapepractice.com\/pl\/research\/antropocen\/\" class=\"rc__link\">\n              <div class=\"rc__content\">\n                <h3 class=\"rc__title\">Antropocen<\/h3>\n              <\/div>\n              <div class=\"rc__image\">\n                                <img loading=\"lazy\" decoding=\"async\" width=\"626\" height=\"810\" src=\"https:\/\/landscapepractice.com\/wp-content\/uploads\/2025\/01\/01_Antropocen.jpg\" class=\"\" alt=\"\" srcset=\"https:\/\/landscapepractice.com\/wp-content\/uploads\/2025\/01\/01_Antropocen.jpg 626w, https:\/\/landscapepractice.com\/wp-content\/uploads\/2025\/01\/01_Antropocen-232x300.jpg 232w\" sizes=\"auto, (max-width: 626px) 100vw, 626px\" \/>                                \n              <\/div>\n            <\/a>\n          <\/li>\n                  <li class=\"splide__slide rc__slide\">\n            <a href=\"https:\/\/landscapepractice.com\/pl\/research\/westival\/\" class=\"rc__link\">\n              <div class=\"rc__content\">\n                <h3 class=\"rc__title\">Westival<\/h3>\n              <\/div>\n              <div class=\"rc__image\">\n                                <img loading=\"lazy\" decoding=\"async\" width=\"626\" height=\"810\" src=\"https:\/\/landscapepractice.com\/wp-content\/uploads\/2025\/01\/02_Westiwal.jpg\" class=\"\" alt=\"\" srcset=\"https:\/\/landscapepractice.com\/wp-content\/uploads\/2025\/01\/02_Westiwal.jpg 626w, https:\/\/landscapepractice.com\/wp-content\/uploads\/2025\/01\/02_Westiwal-232x300.jpg 232w\" sizes=\"auto, (max-width: 626px) 100vw, 626px\" \/>                                \n              <\/div>\n            <\/a>\n          <\/li>\n                  <li class=\"splide__slide rc__slide\">\n            <a href=\"https:\/\/landscapepractice.com\/pl\/research\/rzecz-o-krajobrazach-trzecich\/\" class=\"rc__link\">\n              <div class=\"rc__content\">\n                <h3 class=\"rc__title\">Rzecz o krajobrazach trzecich\u00a0<\/h3>\n              <\/div>\n              <div class=\"rc__image\">\n                                <img loading=\"lazy\" decoding=\"async\" width=\"626\" height=\"810\" src=\"https:\/\/landscapepractice.com\/wp-content\/uploads\/2025\/01\/03_Rzecz-o-krajobrazach-trzecich.jpg\" class=\"\" alt=\"\" srcset=\"https:\/\/landscapepractice.com\/wp-content\/uploads\/2025\/01\/03_Rzecz-o-krajobrazach-trzecich.jpg 626w, https:\/\/landscapepractice.com\/wp-content\/uploads\/2025\/01\/03_Rzecz-o-krajobrazach-trzecich-232x300.jpg 232w\" sizes=\"auto, (max-width: 626px) 100vw, 626px\" \/>                                \n              <\/div>\n            <\/a>\n          <\/li>\n                  <li class=\"splide__slide rc__slide\">\n            <a href=\"https:\/\/landscapepractice.com\/pl\/research\/miedzynarodowy-kongres-adaptive-urbanism\/\" class=\"rc__link\">\n              <div class=\"rc__content\">\n                <h3 class=\"rc__title\">Mi\u0119dzynarodowy Kongres Adaptive Urbanism\u00a0<\/h3>\n              <\/div>\n              <div class=\"rc__image\">\n                                <img loading=\"lazy\" decoding=\"async\" width=\"626\" height=\"810\" src=\"https:\/\/landscapepractice.com\/wp-content\/uploads\/2025\/01\/04_Miedzynarodowy-kongres-Adaptive-Urbanism.jpg\" class=\"\" alt=\"\" srcset=\"https:\/\/landscapepractice.com\/wp-content\/uploads\/2025\/01\/04_Miedzynarodowy-kongres-Adaptive-Urbanism.jpg 626w, https:\/\/landscapepractice.com\/wp-content\/uploads\/2025\/01\/04_Miedzynarodowy-kongres-Adaptive-Urbanism-232x300.jpg 232w\" sizes=\"auto, (max-width: 626px) 100vw, 626px\" \/>                                \n              <\/div>\n            <\/a>\n          <\/li>\n                  <li class=\"splide__slide rc__slide\">\n            <a href=\"https:\/\/landscapepractice.com\/pl\/research\/pomiedzy\/\" class=\"rc__link\">\n              <div class=\"rc__content\">\n                <h3 class=\"rc__title\">Pomi\u0119dzy<\/h3>\n              <\/div>\n              <div class=\"rc__image\">\n                                <img loading=\"lazy\" decoding=\"async\" width=\"626\" height=\"810\" src=\"https:\/\/landscapepractice.com\/wp-content\/uploads\/2025\/01\/05_Pomiedzy.jpg\" class=\"\" alt=\"\" srcset=\"https:\/\/landscapepractice.com\/wp-content\/uploads\/2025\/01\/05_Pomiedzy.jpg 626w, https:\/\/landscapepractice.com\/wp-content\/uploads\/2025\/01\/05_Pomiedzy-232x300.jpg 232w\" sizes=\"auto, (max-width: 626px) 100vw, 626px\" \/>                                \n              <\/div>\n            <\/a>\n          <\/li>\n                  <li class=\"splide__slide rc__slide\">\n            <a href=\"https:\/\/landscapepractice.com\/pl\/research\/to-jest-otwartosc\/\" class=\"rc__link\">\n              <div class=\"rc__content\">\n                <h3 class=\"rc__title\">To jest otwarto\u015b\u0107\u00a0<\/h3>\n              <\/div>\n              <div class=\"rc__image\">\n                                <img loading=\"lazy\" decoding=\"async\" width=\"626\" height=\"810\" src=\"https:\/\/landscapepractice.com\/wp-content\/uploads\/2025\/01\/06_To-jest-otwartosc.jpg\" class=\"\" alt=\"\" srcset=\"https:\/\/landscapepractice.com\/wp-content\/uploads\/2025\/01\/06_To-jest-otwartosc.jpg 626w, https:\/\/landscapepractice.com\/wp-content\/uploads\/2025\/01\/06_To-jest-otwartosc-232x300.jpg 232w\" sizes=\"auto, (max-width: 626px) 100vw, 626px\" \/>                                \n              <\/div>\n            <\/a>\n          <\/li>\n                  <li class=\"splide__slide rc__slide\">\n            <a href=\"https:\/\/landscapepractice.com\/pl\/research\/potrzeba-wspolnego-dzialania\/\" class=\"rc__link\">\n              <div class=\"rc__content\">\n                <h3 class=\"rc__title\">Potrzeba wsp\u00f3lnego dzia\u0142ania\u00a0<\/h3>\n              <\/div>\n              <div class=\"rc__image\">\n                                <img loading=\"lazy\" decoding=\"async\" width=\"626\" height=\"810\" src=\"https:\/\/landscapepractice.com\/wp-content\/uploads\/2025\/01\/07_Potrzeba-wspolnego-dzialania.jpg\" class=\"\" alt=\"\" srcset=\"https:\/\/landscapepractice.com\/wp-content\/uploads\/2025\/01\/07_Potrzeba-wspolnego-dzialania.jpg 626w, https:\/\/landscapepractice.com\/wp-content\/uploads\/2025\/01\/07_Potrzeba-wspolnego-dzialania-232x300.jpg 232w\" sizes=\"auto, (max-width: 626px) 100vw, 626px\" \/>                                \n              <\/div>\n            <\/a>\n          <\/li>\n                  <li class=\"splide__slide rc__slide\">\n            <a href=\"https:\/\/landscapepractice.com\/pl\/research\/pola-niewidzenia\/\" class=\"rc__link\">\n              <div class=\"rc__content\">\n                <h3 class=\"rc__title\">Pola niewidzenia<\/h3>\n              <\/div>\n              <div class=\"rc__image\">\n                                <img loading=\"lazy\" decoding=\"async\" width=\"626\" height=\"810\" src=\"https:\/\/landscapepractice.com\/wp-content\/uploads\/2025\/01\/08_Pola-niewidzenia.jpg\" class=\"\" alt=\"\" srcset=\"https:\/\/landscapepractice.com\/wp-content\/uploads\/2025\/01\/08_Pola-niewidzenia.jpg 626w, https:\/\/landscapepractice.com\/wp-content\/uploads\/2025\/01\/08_Pola-niewidzenia-232x300.jpg 232w\" sizes=\"auto, (max-width: 626px) 100vw, 626px\" \/>                                \n              <\/div>\n            <\/a>\n          <\/li>\n              <\/ul>\n    <\/div>\n  <\/sp-lide>\n\n<\/section>","protected":false},"excerpt":{"rendered":"","protected":false},"author":1,"featured_media":0,"parent":0,"menu_order":0,"comment_status":"closed","ping_status":"closed","template":"","meta":{"_acf_changed":false,"footnotes":""},"class_list":["post-411","page","type-page","status-publish","hentry"],"acf":[],"yoast_head":"<!-- This site is optimized with the Yoast SEO plugin v26.4 - https:\/\/yoast.com\/wordpress\/plugins\/seo\/ -->\n<title>Research | Landscape Practice<\/title>\n<meta name=\"robots\" content=\"index, follow, max-snippet:-1, max-image-preview:large, max-video-preview:-1\" \/>\n<link rel=\"canonical\" href=\"https:\/\/landscapepractice.com\/pl\/research\/\" \/>\n<meta property=\"og:locale\" content=\"pl_PL\" \/>\n<meta property=\"og:type\" content=\"article\" \/>\n<meta property=\"og:title\" content=\"Research | Landscape Practice\" \/>\n<meta property=\"og:url\" content=\"https:\/\/landscapepractice.com\/pl\/research\/\" \/>\n<meta property=\"og:site_name\" content=\"Landscape Practice\" \/>\n<meta property=\"article:modified_time\" content=\"2025-03-03T17:08:42+00:00\" \/>\n<meta name=\"twitter:card\" content=\"summary_large_image\" \/>\n<script type=\"application\/ld+json\" class=\"yoast-schema-graph\">{\"@context\":\"https:\/\/schema.org\",\"@graph\":[{\"@type\":\"WebPage\",\"@id\":\"https:\/\/landscapepractice.com\/pl\/research\/\",\"url\":\"https:\/\/landscapepractice.com\/pl\/research\/\",\"name\":\"Research | Landscape Practice\",\"isPartOf\":{\"@id\":\"https:\/\/landscapepractice.com\/pl\/#website\"},\"datePublished\":\"2025-01-07T10:46:37+00:00\",\"dateModified\":\"2025-03-03T17:08:42+00:00\",\"breadcrumb\":{\"@id\":\"https:\/\/landscapepractice.com\/pl\/research\/#breadcrumb\"},\"inLanguage\":\"pl-PL\",\"potentialAction\":[{\"@type\":\"ReadAction\",\"target\":[\"https:\/\/landscapepractice.com\/pl\/research\/\"]}]},{\"@type\":\"BreadcrumbList\",\"@id\":\"https:\/\/landscapepractice.com\/pl\/research\/#breadcrumb\",\"itemListElement\":[{\"@type\":\"ListItem\",\"position\":1,\"name\":\"Home\",\"item\":\"https:\/\/landscapepractice.com\/pl\/\"},{\"@type\":\"ListItem\",\"position\":2,\"name\":\"Research\"}]},{\"@type\":\"WebSite\",\"@id\":\"https:\/\/landscapepractice.com\/pl\/#website\",\"url\":\"https:\/\/landscapepractice.com\/pl\/\",\"name\":\"Landscape Practice\",\"description\":\"\",\"potentialAction\":[{\"@type\":\"SearchAction\",\"target\":{\"@type\":\"EntryPoint\",\"urlTemplate\":\"https:\/\/landscapepractice.com\/pl\/?s={search_term_string}\"},\"query-input\":{\"@type\":\"PropertyValueSpecification\",\"valueRequired\":true,\"valueName\":\"search_term_string\"}}],\"inLanguage\":\"pl-PL\"}]}<\/script>\n<!-- \/ Yoast SEO plugin. -->","yoast_head_json":{"title":"Research | Landscape Practice","robots":{"index":"index","follow":"follow","max-snippet":"max-snippet:-1","max-image-preview":"max-image-preview:large","max-video-preview":"max-video-preview:-1"},"canonical":"https:\/\/landscapepractice.com\/pl\/research\/","og_locale":"pl_PL","og_type":"article","og_title":"Research | Landscape Practice","og_url":"https:\/\/landscapepractice.com\/pl\/research\/","og_site_name":"Landscape Practice","article_modified_time":"2025-03-03T17:08:42+00:00","twitter_card":"summary_large_image","schema":{"@context":"https:\/\/schema.org","@graph":[{"@type":"WebPage","@id":"https:\/\/landscapepractice.com\/pl\/research\/","url":"https:\/\/landscapepractice.com\/pl\/research\/","name":"Research | Landscape Practice","isPartOf":{"@id":"https:\/\/landscapepractice.com\/pl\/#website"},"datePublished":"2025-01-07T10:46:37+00:00","dateModified":"2025-03-03T17:08:42+00:00","breadcrumb":{"@id":"https:\/\/landscapepractice.com\/pl\/research\/#breadcrumb"},"inLanguage":"pl-PL","potentialAction":[{"@type":"ReadAction","target":["https:\/\/landscapepractice.com\/pl\/research\/"]}]},{"@type":"BreadcrumbList","@id":"https:\/\/landscapepractice.com\/pl\/research\/#breadcrumb","itemListElement":[{"@type":"ListItem","position":1,"name":"Home","item":"https:\/\/landscapepractice.com\/pl\/"},{"@type":"ListItem","position":2,"name":"Research"}]},{"@type":"WebSite","@id":"https:\/\/landscapepractice.com\/pl\/#website","url":"https:\/\/landscapepractice.com\/pl\/","name":"Landscape Practice","description":"","potentialAction":[{"@type":"SearchAction","target":{"@type":"EntryPoint","urlTemplate":"https:\/\/landscapepractice.com\/pl\/?s={search_term_string}"},"query-input":{"@type":"PropertyValueSpecification","valueRequired":true,"valueName":"search_term_string"}}],"inLanguage":"pl-PL"}]}},"_links":{"self":[{"href":"https:\/\/landscapepractice.com\/pl\/wp-json\/wp\/v2\/pages\/411","targetHints":{"allow":["GET"]}}],"collection":[{"href":"https:\/\/landscapepractice.com\/pl\/wp-json\/wp\/v2\/pages"}],"about":[{"href":"https:\/\/landscapepractice.com\/pl\/wp-json\/wp\/v2\/types\/page"}],"author":[{"embeddable":true,"href":"https:\/\/landscapepractice.com\/pl\/wp-json\/wp\/v2\/users\/1"}],"replies":[{"embeddable":true,"href":"https:\/\/landscapepractice.com\/pl\/wp-json\/wp\/v2\/comments?post=411"}],"version-history":[{"count":7,"href":"https:\/\/landscapepractice.com\/pl\/wp-json\/wp\/v2\/pages\/411\/revisions"}],"predecessor-version":[{"id":2474,"href":"https:\/\/landscapepractice.com\/pl\/wp-json\/wp\/v2\/pages\/411\/revisions\/2474"}],"wp:attachment":[{"href":"https:\/\/landscapepractice.com\/pl\/wp-json\/wp\/v2\/media?parent=411"}],"curies":[{"name":"wp","href":"https:\/\/api.w.org\/{rel}","templated":true}]}}